{"id":24,"date":"2025-07-02T16:54:14","date_gmt":"2025-07-02T16:54:14","guid":{"rendered":"https:\/\/tamis-bilderglueck.de\/Bilderglueck\/?page_id=24"},"modified":"2025-07-02T19:28:16","modified_gmt":"2025-07-02T19:28:16","slug":"impressum","status":"publish","type":"page","link":"https:\/\/tamis-bilderglueck.de\/index.php\/impressum\/","title":{"rendered":"Impressum"},"content":{"rendered":"\n<h2 class=\"wp-block-heading\">Verantwortliche(r)<\/h2>\n\n\n\n<p>Tamis Bildergl\u00fcck<\/p>\n\n\n\n<h3 class=\"wp-block-heading\">Postanschrift<\/h3>\n\n\n\n<p>Am Hagen 1, 29328 Fa\u00dfberg<\/p>\n\n\n\n<h3 class=\"wp-block-heading\">Kontakt<\/h3>\n\n\n\n<p>E-Mail: info@tamis-bilderglueck.de<\/p>\n\n\n\n<p>Telefon: 0172-9618646<\/p>\n\n\n\n<h3 class=\"wp-block-heading\">Vertreten durch<\/h3>\n\n\n\n<p>Tamara Gro\u00dfe-B\u00f6lting<\/p>\n\n\n\n<h2 class=\"wp-block-heading\">Eintragung<\/h2>\n\n\n\n<p>Registernummer: 24000<\/p>\n\n\n\n<p>Gericht: Amtsgericht L\u00fcneburg<\/p>\n\n\n\n<h2 class=\"wp-block-heading\">Berufshaftpflichtversicherung<\/h2>\n\n\n\n<p>Allianz Versicherungs AG<\/p>\n\n\n\n<h2 class=\"wp-block-heading\">Hinweise zur Website<\/h2>\n\n\n\n<h3 class=\"wp-block-heading\">Urheberrechtliche Hinweise<\/h3>\n\n\n\n<p>Tamis Bildergl\u00fcck<\/p>\n\n\n\n<h3 class=\"wp-block-heading\">Verantwortlich f\u00fcr journalistisch-redaktionelle Inhalte<\/h3>\n\n\n\n<p>Tamis Bildergl\u00fcck<\/p>\n\n\n\n<p><\/p>\n","protected":false},"excerpt":{"rendered":"<p>Verantwortliche(r) Tamis Bildergl\u00fcck Postanschrift Am Hagen 1, 29328 Fa\u00dfberg Kontakt E-Mail: info@tamis-bilderglueck.de Telefon: 0172-9618646 Vertreten durch Tamara Gro\u00dfe-B\u00f6lting Eintragung Registernummer: 24000 Gericht: Amtsgericht L\u00fcneburg Berufshaftpflichtversicherung Allianz Versicherungs AG Hinweise zur Website Urheberrechtliche Hinweise Tamis Bildergl\u00fcck Verantwortlich f\u00fcr journalistisch-redaktionelle Inhalte Tamis Bildergl\u00fcck<\/p>\n","protected":false},"author":1,"featured_media":0,"parent":0,"menu_order":0,"comment_status":"closed","ping_status":"closed","template":"","meta":{"footnotes":""},"class_list":["post-24","page","type-page","status-publish","hentry"],"_links":{"self":[{"href":"https:\/\/tamis-bilderglueck.de\/index.php\/wp-json\/wp\/v2\/pages\/24","targetHints":{"allow":["GET"]}}],"collection":[{"href":"https:\/\/tamis-bilderglueck.de\/index.php\/wp-json\/wp\/v2\/pages"}],"about":[{"href":"https:\/\/tamis-bilderglueck.de\/index.php\/wp-json\/wp\/v2\/types\/page"}],"author":[{"embeddable":true,"href":"https:\/\/tamis-bilderglueck.de\/index.php\/wp-json\/wp\/v2\/users\/1"}],"replies":[{"embeddable":true,"href":"https:\/\/tamis-bilderglueck.de\/index.php\/wp-json\/wp\/v2\/comments?post=24"}],"version-history":[{"count":2,"href":"https:\/\/tamis-bilderglueck.de\/index.php\/wp-json\/wp\/v2\/pages\/24\/revisions"}],"predecessor-version":[{"id":37,"href":"https:\/\/tamis-bilderglueck.de\/index.php\/wp-json\/wp\/v2\/pages\/24\/revisions\/37"}],"wp:attachment":[{"href":"https:\/\/tamis-bilderglueck.de\/index.php\/wp-json\/wp\/v2\/media?parent=24"}],"curies":[{"name":"wp","href":"https:\/\/api.w.org\/{rel}","templated":true}]}}