{"id":125,"date":"2025-07-03T20:08:56","date_gmt":"2025-07-03T20:08:56","guid":{"rendered":"https:\/\/tamis-bilderglueck.de\/Bilderglueck\/?page_id=125"},"modified":"2025-07-12T06:53:52","modified_gmt":"2025-07-12T05:53:52","slug":"hurra-schwanger","status":"publish","type":"page","link":"https:\/\/tamis-bilderglueck.de\/index.php\/hurra-schwanger\/","title":{"rendered":"Hurra Schwanger"},"content":{"rendered":"\n<div class=\"wp-block-columns is-layout-flex wp-container-core-columns-is-layout-9d6595d7 wp-block-columns-is-layout-flex\">\n<div class=\"wp-block-column is-layout-flow wp-block-column-is-layout-flow\">\n<figure class=\"wp-block-gallery has-nested-images columns-1 is-cropped wp-block-gallery-1 is-layout-flex wp-block-gallery-is-layout-flex\">\n<figure class=\"wp-block-image size-large\"><img loading=\"lazy\" decoding=\"async\" width=\"1024\" height=\"961\" data-id=\"213\" src=\"https:\/\/tamis-bilderglueck.de\/Bilderglueck\/wp-content\/uploads\/2025\/07\/IMG_0529-1-1024x961.jpg\" alt=\"\" class=\"wp-image-213\" srcset=\"https:\/\/tamis-bilderglueck.de\/Bilderglueck\/wp-content\/uploads\/2025\/07\/IMG_0529-1-1024x961.jpg 1024w, https:\/\/tamis-bilderglueck.de\/Bilderglueck\/wp-content\/uploads\/2025\/07\/IMG_0529-1-300x281.jpg 300w, https:\/\/tamis-bilderglueck.de\/Bilderglueck\/wp-content\/uploads\/2025\/07\/IMG_0529-1-768x721.jpg 768w, https:\/\/tamis-bilderglueck.de\/Bilderglueck\/wp-content\/uploads\/2025\/07\/IMG_0529-1-1536x1441.jpg 1536w, https:\/\/tamis-bilderglueck.de\/Bilderglueck\/wp-content\/uploads\/2025\/07\/IMG_0529-1-2048x1921.jpg 2048w\" sizes=\"auto, (max-width: 1024px) 100vw, 1024px\" \/><\/figure>\n\n\n\n<figure class=\"wp-block-image size-large\"><img loading=\"lazy\" decoding=\"async\" width=\"1024\" height=\"559\" data-id=\"212\" src=\"https:\/\/tamis-bilderglueck.de\/Bilderglueck\/wp-content\/uploads\/2025\/07\/IMG_0516-1-1024x559.jpg\" alt=\"\" class=\"wp-image-212\" srcset=\"https:\/\/tamis-bilderglueck.de\/Bilderglueck\/wp-content\/uploads\/2025\/07\/IMG_0516-1-1024x559.jpg 1024w, https:\/\/tamis-bilderglueck.de\/Bilderglueck\/wp-content\/uploads\/2025\/07\/IMG_0516-1-300x164.jpg 300w, https:\/\/tamis-bilderglueck.de\/Bilderglueck\/wp-content\/uploads\/2025\/07\/IMG_0516-1-768x419.jpg 768w, https:\/\/tamis-bilderglueck.de\/Bilderglueck\/wp-content\/uploads\/2025\/07\/IMG_0516-1-1536x838.jpg 1536w, https:\/\/tamis-bilderglueck.de\/Bilderglueck\/wp-content\/uploads\/2025\/07\/IMG_0516-1-2048x1117.jpg 2048w\" sizes=\"auto, (max-width: 1024px) 100vw, 1024px\" \/><\/figure>\n\n\n\n<figure class=\"wp-block-image size-large\"><img loading=\"lazy\" decoding=\"async\" width=\"683\" height=\"1024\" data-id=\"210\" src=\"https:\/\/tamis-bilderglueck.de\/Bilderglueck\/wp-content\/uploads\/2025\/07\/IMG_0458-1-683x1024.jpg\" alt=\"\" class=\"wp-image-210\" srcset=\"https:\/\/tamis-bilderglueck.de\/Bilderglueck\/wp-content\/uploads\/2025\/07\/IMG_0458-1-683x1024.jpg 683w, https:\/\/tamis-bilderglueck.de\/Bilderglueck\/wp-content\/uploads\/2025\/07\/IMG_0458-1-200x300.jpg 200w, https:\/\/tamis-bilderglueck.de\/Bilderglueck\/wp-content\/uploads\/2025\/07\/IMG_0458-1-768x1152.jpg 768w, https:\/\/tamis-bilderglueck.de\/Bilderglueck\/wp-content\/uploads\/2025\/07\/IMG_0458-1-1024x1536.jpg 1024w, https:\/\/tamis-bilderglueck.de\/Bilderglueck\/wp-content\/uploads\/2025\/07\/IMG_0458-1-1365x2048.jpg 1365w, https:\/\/tamis-bilderglueck.de\/Bilderglueck\/wp-content\/uploads\/2025\/07\/IMG_0458-1-scaled.jpg 1707w\" sizes=\"auto, (max-width: 683px) 100vw, 683px\" \/><\/figure>\n\n\n\n<figure class=\"wp-block-image size-large\"><img loading=\"lazy\" decoding=\"async\" width=\"1024\" height=\"766\" data-id=\"209\" src=\"https:\/\/tamis-bilderglueck.de\/Bilderglueck\/wp-content\/uploads\/2025\/07\/IMG_0431-1-1024x766.jpg\" alt=\"\" class=\"wp-image-209\" srcset=\"https:\/\/tamis-bilderglueck.de\/Bilderglueck\/wp-content\/uploads\/2025\/07\/IMG_0431-1-1024x766.jpg 1024w, https:\/\/tamis-bilderglueck.de\/Bilderglueck\/wp-content\/uploads\/2025\/07\/IMG_0431-1-300x224.jpg 300w, https:\/\/tamis-bilderglueck.de\/Bilderglueck\/wp-content\/uploads\/2025\/07\/IMG_0431-1-768x575.jpg 768w, https:\/\/tamis-bilderglueck.de\/Bilderglueck\/wp-content\/uploads\/2025\/07\/IMG_0431-1-1536x1149.jpg 1536w, https:\/\/tamis-bilderglueck.de\/Bilderglueck\/wp-content\/uploads\/2025\/07\/IMG_0431-1-2048x1532.jpg 2048w\" sizes=\"auto, (max-width: 1024px) 100vw, 1024px\" \/><\/figure>\n\n\n\n<figure class=\"wp-block-image size-large\"><img loading=\"lazy\" decoding=\"async\" width=\"1024\" height=\"550\" data-id=\"216\" src=\"https:\/\/tamis-bilderglueck.de\/Bilderglueck\/wp-content\/uploads\/2025\/07\/IMG_0565-1-1024x550.jpg\" alt=\"\" class=\"wp-image-216\" srcset=\"https:\/\/tamis-bilderglueck.de\/Bilderglueck\/wp-content\/uploads\/2025\/07\/IMG_0565-1-1024x550.jpg 1024w, https:\/\/tamis-bilderglueck.de\/Bilderglueck\/wp-content\/uploads\/2025\/07\/IMG_0565-1-300x161.jpg 300w, https:\/\/tamis-bilderglueck.de\/Bilderglueck\/wp-content\/uploads\/2025\/07\/IMG_0565-1-768x413.jpg 768w, https:\/\/tamis-bilderglueck.de\/Bilderglueck\/wp-content\/uploads\/2025\/07\/IMG_0565-1-1536x825.jpg 1536w, https:\/\/tamis-bilderglueck.de\/Bilderglueck\/wp-content\/uploads\/2025\/07\/IMG_0565-1-2048x1100.jpg 2048w\" sizes=\"auto, (max-width: 1024px) 100vw, 1024px\" \/><\/figure>\n\n\n\n<figure class=\"wp-block-image size-large\"><img loading=\"lazy\" decoding=\"async\" width=\"1024\" height=\"790\" data-id=\"217\" src=\"https:\/\/tamis-bilderglueck.de\/Bilderglueck\/wp-content\/uploads\/2025\/07\/IMG_0571-1-1024x790.jpg\" alt=\"\" class=\"wp-image-217\" srcset=\"https:\/\/tamis-bilderglueck.de\/Bilderglueck\/wp-content\/uploads\/2025\/07\/IMG_0571-1-1024x790.jpg 1024w, https:\/\/tamis-bilderglueck.de\/Bilderglueck\/wp-content\/uploads\/2025\/07\/IMG_0571-1-300x231.jpg 300w, https:\/\/tamis-bilderglueck.de\/Bilderglueck\/wp-content\/uploads\/2025\/07\/IMG_0571-1-768x592.jpg 768w, https:\/\/tamis-bilderglueck.de\/Bilderglueck\/wp-content\/uploads\/2025\/07\/IMG_0571-1-1536x1184.jpg 1536w, https:\/\/tamis-bilderglueck.de\/Bilderglueck\/wp-content\/uploads\/2025\/07\/IMG_0571-1-2048x1579.jpg 2048w\" sizes=\"auto, (max-width: 1024px) 100vw, 1024px\" \/><\/figure>\n<\/figure>\n<\/div>\n\n\n\n<div class=\"wp-block-column is-layout-flow wp-block-column-is-layout-flow\">\n<p>Hurrraaaa, es ist so weit!!!<\/p>\n\n\n\n<p>Ihr erwartet Nachwuchs!<\/p>\n\n\n\n<p>Nun wollt ihr ein ganz besonderes Bild f\u00fcr eine ganz besondere Nachricht,<\/p>\n\n\n\n<p>um diese wundervolle Neuigkeit mit Familie und Freunden zu teilen?<\/p>\n\n\n\n<p>Zusammen nehmen wir ein paar Motive Indoor und\/oder Outdoor auf. Dabei k\u00f6nnt ihr aus einigen vorhandenen Accessoires w\u00e4hlen und nat\u00fcrlich auch sehr gerne eigene mitbringen, wie ein Ultraschallbild, das erste Kuscheltier, die erste Spieluhr, eine besondere Babydecke,&#8230;<\/p>\n\n\n\n<p class=\"has-text-align-center\"><a href=\"https:\/\/tamis-bilderglueck.de\/Bilderglueck\/index.php\/preise\/\">Kleines Shooting<\/a><\/p>\n\n\n\n<p>Inklusive aller bearbeiteten Motive per Online-Galerie.<\/p>\n\n\n\n<p>Meldet euch einfach bei mir und wir besprechen sehr gerne eure W\u00fcnsche.<\/p>\n\n\n\n<p>Ich freue mich auf euch!<\/p>\n\n\n\n<p>Eure Tami<\/p>\n<\/div>\n<\/div>\n\n\n\n<p><\/p>\n","protected":false},"excerpt":{"rendered":"<p>Hurrraaaa, es ist so weit!!! Ihr erwartet Nachwuchs! Nun wollt ihr ein ganz besonderes Bild f\u00fcr eine ganz besondere Nachricht, um diese wundervolle Neuigkeit mit Familie und Freunden zu teilen? Zusammen nehmen wir ein paar Motive Indoor und\/oder Outdoor auf. Dabei k\u00f6nnt ihr aus einigen vorhandenen Accessoires w\u00e4hlen und nat\u00fcrlich auch sehr gerne eigene mitbringen, [&hellip;]<\/p>\n","protected":false},"author":1,"featured_media":0,"parent":0,"menu_order":0,"comment_status":"closed","ping_status":"closed","template":"","meta":{"footnotes":""},"class_list":["post-125","page","type-page","status-publish","hentry"],"_links":{"self":[{"href":"https:\/\/tamis-bilderglueck.de\/index.php\/wp-json\/wp\/v2\/pages\/125","targetHints":{"allow":["GET"]}}],"collection":[{"href":"https:\/\/tamis-bilderglueck.de\/index.php\/wp-json\/wp\/v2\/pages"}],"about":[{"href":"https:\/\/tamis-bilderglueck.de\/index.php\/wp-json\/wp\/v2\/types\/page"}],"author":[{"embeddable":true,"href":"https:\/\/tamis-bilderglueck.de\/index.php\/wp-json\/wp\/v2\/users\/1"}],"replies":[{"embeddable":true,"href":"https:\/\/tamis-bilderglueck.de\/index.php\/wp-json\/wp\/v2\/comments?post=125"}],"version-history":[{"count":5,"href":"https:\/\/tamis-bilderglueck.de\/index.php\/wp-json\/wp\/v2\/pages\/125\/revisions"}],"predecessor-version":[{"id":240,"href":"https:\/\/tamis-bilderglueck.de\/index.php\/wp-json\/wp\/v2\/pages\/125\/revisions\/240"}],"wp:attachment":[{"href":"https:\/\/tamis-bilderglueck.de\/index.php\/wp-json\/wp\/v2\/media?parent=125"}],"curies":[{"name":"wp","href":"https:\/\/api.w.org\/{rel}","templated":true}]}}