{"id":117,"date":"2025-07-03T20:05:55","date_gmt":"2025-07-03T20:05:55","guid":{"rendered":"https:\/\/tamis-bilderglueck.de\/Bilderglueck\/?page_id=117"},"modified":"2025-11-26T22:22:22","modified_gmt":"2025-11-26T21:22:22","slug":"safe-the-date-hochzeitseinladung","status":"publish","type":"page","link":"https:\/\/tamis-bilderglueck.de\/index.php\/safe-the-date-hochzeitseinladung\/","title":{"rendered":"Hochzeit"},"content":{"rendered":"\n<div class=\"wp-block-columns is-layout-flex wp-container-core-columns-is-layout-9d6595d7 wp-block-columns-is-layout-flex\">\n<div class=\"wp-block-column is-layout-flow wp-block-column-is-layout-flow\">\n<p>Herzlichen Gl\u00fcckwunsch zu eurer Verlobung!<\/p>\n\n\n\n<p>Einfach wunderbar, dass ihr euch traut \ud83d\ude09<\/p>\n\n\n\n<p>Nun wollt ihr mit eurer gro\u00dfen, wundervollen Entscheidung eure Familie, Freunde und Bekannte \u00fcberraschen? Bei einem kreativen Outdoor-Shooting bekommt ihr tolle Bilder um euren G\u00e4sten schon mal euren Hochzeitstag vormerken zu lassen, damit eurem Wunschtermin nichts mehr im Wege steht.<\/p>\n\n\n\n<p class=\"has-text-align-center\"><a href=\"https:\/\/tamis-bilderglueck.de\/index.php\/preise\/\" data-type=\"page\" data-id=\"43\">Kleines Shooting<\/a><\/p>\n\n\n\n<p><\/p>\n\n\n\n<p>Ihr w\u00fcnscht euch eine fotografische Begleitung eurer Hochzeit? Damit ihr den Tag in aller Ruhe genie\u00dfen k\u00f6nnt, halte ich viele besondere Momente f\u00fcr euch fest. F\u00fcr wundersch\u00f6ne Erinnerungen an euren ganz besonderen, gro\u00dfen Tag. <\/p>\n\n\n\n<p>Meldet euch einfach bei mir und wir besprechen sehr gerne eure W\u00fcnsche und individuellen Vorstellungen. Ich freue mich auf euch!<\/p>\n\n\n\n<p class=\"has-text-align-center\"><a href=\"https:\/\/tamis-bilderglueck.de\/index.php\/preise\/\" data-type=\"page\" data-id=\"43\">Fotografische Hochzeitsbegleitung<\/a><\/p>\n\n\n\n<p><\/p>\n\n\n\n<p><\/p>\n\n\n\n<p><\/p>\n\n\n\n<p>Eure Tami<\/p>\n<\/div>\n\n\n\n<div class=\"wp-block-column is-layout-flow wp-block-column-is-layout-flow\">\n<figure class=\"wp-block-gallery has-nested-images columns-1 is-cropped wp-block-gallery-1 is-layout-flex wp-block-gallery-is-layout-flex\">\n<figure class=\"wp-block-image size-large\"><img loading=\"lazy\" decoding=\"async\" width=\"1019\" height=\"1024\" data-id=\"214\" src=\"https:\/\/tamis-bilderglueck.de\/Bilderglueck\/wp-content\/uploads\/2025\/07\/IMG_0540-1-1019x1024.jpg\" alt=\"\" class=\"wp-image-214\" srcset=\"https:\/\/tamis-bilderglueck.de\/Bilderglueck\/wp-content\/uploads\/2025\/07\/IMG_0540-1-1019x1024.jpg 1019w, https:\/\/tamis-bilderglueck.de\/Bilderglueck\/wp-content\/uploads\/2025\/07\/IMG_0540-1-298x300.jpg 298w, https:\/\/tamis-bilderglueck.de\/Bilderglueck\/wp-content\/uploads\/2025\/07\/IMG_0540-1-150x150.jpg 150w, https:\/\/tamis-bilderglueck.de\/Bilderglueck\/wp-content\/uploads\/2025\/07\/IMG_0540-1-768x772.jpg 768w, https:\/\/tamis-bilderglueck.de\/Bilderglueck\/wp-content\/uploads\/2025\/07\/IMG_0540-1-1528x1536.jpg 1528w, https:\/\/tamis-bilderglueck.de\/Bilderglueck\/wp-content\/uploads\/2025\/07\/IMG_0540-1-2037x2048.jpg 2037w\" sizes=\"auto, (max-width: 1019px) 100vw, 1019px\" \/><\/figure>\n\n\n\n<figure class=\"wp-block-image size-large\"><img loading=\"lazy\" decoding=\"async\" width=\"759\" height=\"1024\" data-id=\"316\" src=\"https:\/\/tamis-bilderglueck.de\/Bilderglueck\/wp-content\/uploads\/2025\/11\/IMG_3415-07-759x1024.jpg\" alt=\"\" class=\"wp-image-316\" srcset=\"https:\/\/tamis-bilderglueck.de\/Bilderglueck\/wp-content\/uploads\/2025\/11\/IMG_3415-07-759x1024.jpg 759w, https:\/\/tamis-bilderglueck.de\/Bilderglueck\/wp-content\/uploads\/2025\/11\/IMG_3415-07-222x300.jpg 222w, https:\/\/tamis-bilderglueck.de\/Bilderglueck\/wp-content\/uploads\/2025\/11\/IMG_3415-07-768x1036.jpg 768w, https:\/\/tamis-bilderglueck.de\/Bilderglueck\/wp-content\/uploads\/2025\/11\/IMG_3415-07-1139x1536.jpg 1139w, https:\/\/tamis-bilderglueck.de\/Bilderglueck\/wp-content\/uploads\/2025\/11\/IMG_3415-07-1518x2048.jpg 1518w, https:\/\/tamis-bilderglueck.de\/Bilderglueck\/wp-content\/uploads\/2025\/11\/IMG_3415-07-scaled.jpg 1898w\" sizes=\"auto, (max-width: 759px) 100vw, 759px\" \/><\/figure>\n\n\n\n<figure class=\"wp-block-image size-large\"><img loading=\"lazy\" decoding=\"async\" width=\"1024\" height=\"647\" data-id=\"211\" src=\"https:\/\/tamis-bilderglueck.de\/Bilderglueck\/wp-content\/uploads\/2025\/07\/IMG_0490-1-1024x647.jpg\" alt=\"\" class=\"wp-image-211\" srcset=\"https:\/\/tamis-bilderglueck.de\/Bilderglueck\/wp-content\/uploads\/2025\/07\/IMG_0490-1-1024x647.jpg 1024w, https:\/\/tamis-bilderglueck.de\/Bilderglueck\/wp-content\/uploads\/2025\/07\/IMG_0490-1-300x190.jpg 300w, https:\/\/tamis-bilderglueck.de\/Bilderglueck\/wp-content\/uploads\/2025\/07\/IMG_0490-1-768x486.jpg 768w, https:\/\/tamis-bilderglueck.de\/Bilderglueck\/wp-content\/uploads\/2025\/07\/IMG_0490-1-1536x971.jpg 1536w, https:\/\/tamis-bilderglueck.de\/Bilderglueck\/wp-content\/uploads\/2025\/07\/IMG_0490-1-2048x1295.jpg 2048w\" sizes=\"auto, (max-width: 1024px) 100vw, 1024px\" \/><\/figure>\n\n\n\n<figure class=\"wp-block-image size-large\"><img loading=\"lazy\" decoding=\"async\" width=\"1024\" height=\"803\" data-id=\"215\" src=\"https:\/\/tamis-bilderglueck.de\/Bilderglueck\/wp-content\/uploads\/2025\/07\/IMG_0553-1-1024x803.jpg\" alt=\"\" class=\"wp-image-215\" srcset=\"https:\/\/tamis-bilderglueck.de\/Bilderglueck\/wp-content\/uploads\/2025\/07\/IMG_0553-1-1024x803.jpg 1024w, https:\/\/tamis-bilderglueck.de\/Bilderglueck\/wp-content\/uploads\/2025\/07\/IMG_0553-1-300x235.jpg 300w, https:\/\/tamis-bilderglueck.de\/Bilderglueck\/wp-content\/uploads\/2025\/07\/IMG_0553-1-768x602.jpg 768w, https:\/\/tamis-bilderglueck.de\/Bilderglueck\/wp-content\/uploads\/2025\/07\/IMG_0553-1-1536x1204.jpg 1536w, https:\/\/tamis-bilderglueck.de\/Bilderglueck\/wp-content\/uploads\/2025\/07\/IMG_0553-1-2048x1606.jpg 2048w\" sizes=\"auto, (max-width: 1024px) 100vw, 1024px\" \/><\/figure>\n\n\n\n<figure class=\"wp-block-image size-large\"><img loading=\"lazy\" decoding=\"async\" width=\"1024\" height=\"874\" data-id=\"319\" src=\"https:\/\/tamis-bilderglueck.de\/Bilderglueck\/wp-content\/uploads\/2025\/11\/IMG_3007-01-1024x874.jpg\" alt=\"\" class=\"wp-image-319\" srcset=\"https:\/\/tamis-bilderglueck.de\/Bilderglueck\/wp-content\/uploads\/2025\/11\/IMG_3007-01-1024x874.jpg 1024w, https:\/\/tamis-bilderglueck.de\/Bilderglueck\/wp-content\/uploads\/2025\/11\/IMG_3007-01-300x256.jpg 300w, https:\/\/tamis-bilderglueck.de\/Bilderglueck\/wp-content\/uploads\/2025\/11\/IMG_3007-01-768x656.jpg 768w, https:\/\/tamis-bilderglueck.de\/Bilderglueck\/wp-content\/uploads\/2025\/11\/IMG_3007-01-1536x1311.jpg 1536w, https:\/\/tamis-bilderglueck.de\/Bilderglueck\/wp-content\/uploads\/2025\/11\/IMG_3007-01-2048x1748.jpg 2048w\" sizes=\"auto, (max-width: 1024px) 100vw, 1024px\" \/><\/figure>\n\n\n\n<figure class=\"wp-block-image size-large\"><img loading=\"lazy\" decoding=\"async\" width=\"1024\" height=\"1024\" data-id=\"320\" src=\"https:\/\/tamis-bilderglueck.de\/Bilderglueck\/wp-content\/uploads\/2025\/11\/IMG_3054-03-1024x1024.jpg\" alt=\"\" class=\"wp-image-320\" srcset=\"https:\/\/tamis-bilderglueck.de\/Bilderglueck\/wp-content\/uploads\/2025\/11\/IMG_3054-03-1024x1024.jpg 1024w, https:\/\/tamis-bilderglueck.de\/Bilderglueck\/wp-content\/uploads\/2025\/11\/IMG_3054-03-300x300.jpg 300w, https:\/\/tamis-bilderglueck.de\/Bilderglueck\/wp-content\/uploads\/2025\/11\/IMG_3054-03-150x150.jpg 150w, https:\/\/tamis-bilderglueck.de\/Bilderglueck\/wp-content\/uploads\/2025\/11\/IMG_3054-03-768x768.jpg 768w, https:\/\/tamis-bilderglueck.de\/Bilderglueck\/wp-content\/uploads\/2025\/11\/IMG_3054-03-1536x1536.jpg 1536w, https:\/\/tamis-bilderglueck.de\/Bilderglueck\/wp-content\/uploads\/2025\/11\/IMG_3054-03.jpg 1991w\" sizes=\"auto, (max-width: 1024px) 100vw, 1024px\" \/><\/figure>\n\n\n\n<figure class=\"wp-block-image size-large\"><img loading=\"lazy\" decoding=\"async\" width=\"770\" height=\"1024\" data-id=\"321\" src=\"https:\/\/tamis-bilderglueck.de\/Bilderglueck\/wp-content\/uploads\/2025\/11\/IMG_3406-02-770x1024.jpg\" alt=\"\" class=\"wp-image-321\" srcset=\"https:\/\/tamis-bilderglueck.de\/Bilderglueck\/wp-content\/uploads\/2025\/11\/IMG_3406-02-770x1024.jpg 770w, https:\/\/tamis-bilderglueck.de\/Bilderglueck\/wp-content\/uploads\/2025\/11\/IMG_3406-02-226x300.jpg 226w, https:\/\/tamis-bilderglueck.de\/Bilderglueck\/wp-content\/uploads\/2025\/11\/IMG_3406-02-768x1021.jpg 768w, https:\/\/tamis-bilderglueck.de\/Bilderglueck\/wp-content\/uploads\/2025\/11\/IMG_3406-02-1155x1536.jpg 1155w, https:\/\/tamis-bilderglueck.de\/Bilderglueck\/wp-content\/uploads\/2025\/11\/IMG_3406-02-1540x2048.jpg 1540w, https:\/\/tamis-bilderglueck.de\/Bilderglueck\/wp-content\/uploads\/2025\/11\/IMG_3406-02.jpg 1720w\" sizes=\"auto, (max-width: 770px) 100vw, 770px\" \/><\/figure>\n\n\n\n<figure class=\"wp-block-image size-large\"><img loading=\"lazy\" decoding=\"async\" width=\"1024\" height=\"720\" data-id=\"322\" src=\"https:\/\/tamis-bilderglueck.de\/Bilderglueck\/wp-content\/uploads\/2025\/11\/IMG_3444-01-1024x720.jpg\" alt=\"\" class=\"wp-image-322\" srcset=\"https:\/\/tamis-bilderglueck.de\/Bilderglueck\/wp-content\/uploads\/2025\/11\/IMG_3444-01-1024x720.jpg 1024w, https:\/\/tamis-bilderglueck.de\/Bilderglueck\/wp-content\/uploads\/2025\/11\/IMG_3444-01-300x211.jpg 300w, https:\/\/tamis-bilderglueck.de\/Bilderglueck\/wp-content\/uploads\/2025\/11\/IMG_3444-01-768x540.jpg 768w, https:\/\/tamis-bilderglueck.de\/Bilderglueck\/wp-content\/uploads\/2025\/11\/IMG_3444-01-1536x1080.jpg 1536w, https:\/\/tamis-bilderglueck.de\/Bilderglueck\/wp-content\/uploads\/2025\/11\/IMG_3444-01-2048x1439.jpg 2048w\" sizes=\"auto, (max-width: 1024px) 100vw, 1024px\" \/><\/figure>\n<\/figure>\n<\/div>\n<\/div>\n\n\n\n<p><\/p>\n","protected":false},"excerpt":{"rendered":"<p>Herzlichen Gl\u00fcckwunsch zu eurer Verlobung! Einfach wunderbar, dass ihr euch traut \ud83d\ude09 Nun wollt ihr mit eurer gro\u00dfen, wundervollen Entscheidung eure Familie, Freunde und Bekannte \u00fcberraschen? Bei einem kreativen Outdoor-Shooting bekommt ihr tolle Bilder um euren G\u00e4sten schon mal euren Hochzeitstag vormerken zu lassen, damit eurem Wunschtermin nichts mehr im Wege steht. Kleines Shooting Ihr [&hellip;]<\/p>\n","protected":false},"author":1,"featured_media":0,"parent":0,"menu_order":0,"comment_status":"closed","ping_status":"closed","template":"","meta":{"footnotes":""},"class_list":["post-117","page","type-page","status-publish","hentry"],"_links":{"self":[{"href":"https:\/\/tamis-bilderglueck.de\/index.php\/wp-json\/wp\/v2\/pages\/117","targetHints":{"allow":["GET"]}}],"collection":[{"href":"https:\/\/tamis-bilderglueck.de\/index.php\/wp-json\/wp\/v2\/pages"}],"about":[{"href":"https:\/\/tamis-bilderglueck.de\/index.php\/wp-json\/wp\/v2\/types\/page"}],"author":[{"embeddable":true,"href":"https:\/\/tamis-bilderglueck.de\/index.php\/wp-json\/wp\/v2\/users\/1"}],"replies":[{"embeddable":true,"href":"https:\/\/tamis-bilderglueck.de\/index.php\/wp-json\/wp\/v2\/comments?post=117"}],"version-history":[{"count":11,"href":"https:\/\/tamis-bilderglueck.de\/index.php\/wp-json\/wp\/v2\/pages\/117\/revisions"}],"predecessor-version":[{"id":348,"href":"https:\/\/tamis-bilderglueck.de\/index.php\/wp-json\/wp\/v2\/pages\/117\/revisions\/348"}],"wp:attachment":[{"href":"https:\/\/tamis-bilderglueck.de\/index.php\/wp-json\/wp\/v2\/media?parent=117"}],"curies":[{"name":"wp","href":"https:\/\/api.w.org\/{rel}","templated":true}]}}